{"id":19,"date":"2020-10-29T08:41:50","date_gmt":"2020-10-29T08:41:50","guid":{"rendered":"https:\/\/themes.muffingroup.com\/be\/factory3_el\/?page_id=19"},"modified":"2023-02-07T16:04:27","modified_gmt":"2023-02-07T16:04:27","slug":"galerias","status":"publish","type":"page","link":"https:\/\/yurisalvador.com.br\/index.php\/galerias\/","title":{"rendered":"Sobre"},"content":{"rendered":"\t\t<div data-elementor-type=\"wp-page\" data-elementor-id=\"19\" class=\"elementor elementor-19\">\n\t\t\t\t\t\t<section class=\"elementor-section elementor-top-section elementor-element elementor-element-24f00d9 elementor-section-stretched elementor-section-boxed elementor-section-height-default elementor-section-height-default\" data-id=\"24f00d9\" data-element_type=\"section\" data-e-type=\"section\" data-settings=\"{&quot;stretch_section&quot;:&quot;section-stretched&quot;,&quot;background_background&quot;:&quot;classic&quot;}\">\n\t\t\t\t\t\t<div class=\"elementor-container elementor-column-gap-wider\">\n\t\t\t\t\t<div class=\"elementor-column elementor-col-100 elementor-top-column elementor-element elementor-element-df0b0d1\" data-id=\"df0b0d1\" data-element_type=\"column\" data-e-type=\"column\">\n\t\t\t<div class=\"elementor-widget-wrap elementor-element-populated\">\n\t\t\t\t\t\t<section class=\"elementor-section elementor-inner-section elementor-element elementor-element-dd92b71 elementor-section-boxed elementor-section-height-default elementor-section-height-default\" data-id=\"dd92b71\" data-element_type=\"section\" data-e-type=\"section\">\n\t\t\t\t\t\t<div class=\"elementor-container elementor-column-gap-default\">\n\t\t\t\t\t<div class=\"elementor-column elementor-col-66 elementor-inner-column elementor-element elementor-element-8bc8688\" data-id=\"8bc8688\" data-element_type=\"column\" data-e-type=\"column\">\n\t\t\t<div class=\"elementor-widget-wrap elementor-element-populated\">\n\t\t\t\t\t\t<div class=\"elementor-element elementor-element-a96270f elementor-widget elementor-widget-text-editor\" data-id=\"a96270f\" data-element_type=\"widget\" data-e-type=\"widget\" data-widget_type=\"text-editor.default\">\n\t\t\t\t<div class=\"elementor-widget-container\">\n\t\t\t\t\t\t\t\t\t<h1 style=\"color: #fff;\">Yuri<br \/>Salvador<\/h1>\t\t\t\t\t\t\t\t<\/div>\n\t\t\t\t<\/div>\n\t\t\t\t<div class=\"elementor-element elementor-element-4617387 elementor-widget elementor-widget-image\" data-id=\"4617387\" data-element_type=\"widget\" data-e-type=\"widget\" data-widget_type=\"image.default\">\n\t\t\t\t<div class=\"elementor-widget-container\">\n\t\t\t\t\t\t\t\t\t\t\t\t\t\t\t<img fetchpriority=\"high\" decoding=\"async\" width=\"1024\" height=\"683\" src=\"https:\/\/yurisalvador.com.br\/wp-content\/uploads\/2023\/01\/IMG_1710-1024x683.jpg\" class=\"attachment-large size-large wp-image-602\" alt=\"\" srcset=\"https:\/\/yurisalvador.com.br\/wp-content\/uploads\/2023\/01\/IMG_1710-1024x683.jpg 1024w, https:\/\/yurisalvador.com.br\/wp-content\/uploads\/2023\/01\/IMG_1710-300x200.jpg 300w, https:\/\/yurisalvador.com.br\/wp-content\/uploads\/2023\/01\/IMG_1710-768x512.jpg 768w, https:\/\/yurisalvador.com.br\/wp-content\/uploads\/2023\/01\/IMG_1710-1536x1024.jpg 1536w, https:\/\/yurisalvador.com.br\/wp-content\/uploads\/2023\/01\/IMG_1710-219x146.jpg 219w, https:\/\/yurisalvador.com.br\/wp-content\/uploads\/2023\/01\/IMG_1710-50x33.jpg 50w, https:\/\/yurisalvador.com.br\/wp-content\/uploads\/2023\/01\/IMG_1710-113x75.jpg 113w, https:\/\/yurisalvador.com.br\/wp-content\/uploads\/2023\/01\/IMG_1710.jpg 2048w\" sizes=\"(max-width: 1024px) 100vw, 1024px\" \/>\t\t\t\t\t\t\t\t\t\t\t\t\t\t\t<\/div>\n\t\t\t\t<\/div>\n\t\t\t\t\t<\/div>\n\t\t<\/div>\n\t\t\t\t<div class=\"elementor-column elementor-col-33 elementor-inner-column elementor-element elementor-element-15455da\" data-id=\"15455da\" data-element_type=\"column\" data-e-type=\"column\">\n\t\t\t<div class=\"elementor-widget-wrap elementor-element-populated\">\n\t\t\t\t\t\t<div class=\"elementor-element elementor-element-0317771 elementor-widget elementor-widget-image\" data-id=\"0317771\" data-element_type=\"widget\" data-e-type=\"widget\" data-widget_type=\"image.default\">\n\t\t\t\t<div class=\"elementor-widget-container\">\n\t\t\t\t\t\t\t\t\t\t\t\t\t\t\t<img decoding=\"async\" width=\"1024\" height=\"683\" src=\"https:\/\/yurisalvador.com.br\/wp-content\/uploads\/2023\/01\/IMG_1829-1024x683.jpg\" class=\"attachment-large size-large wp-image-603\" alt=\"\" srcset=\"https:\/\/yurisalvador.com.br\/wp-content\/uploads\/2023\/01\/IMG_1829-1024x683.jpg 1024w, https:\/\/yurisalvador.com.br\/wp-content\/uploads\/2023\/01\/IMG_1829-300x200.jpg 300w, https:\/\/yurisalvador.com.br\/wp-content\/uploads\/2023\/01\/IMG_1829-768x512.jpg 768w, https:\/\/yurisalvador.com.br\/wp-content\/uploads\/2023\/01\/IMG_1829-1536x1024.jpg 1536w, https:\/\/yurisalvador.com.br\/wp-content\/uploads\/2023\/01\/IMG_1829-219x146.jpg 219w, https:\/\/yurisalvador.com.br\/wp-content\/uploads\/2023\/01\/IMG_1829-50x33.jpg 50w, https:\/\/yurisalvador.com.br\/wp-content\/uploads\/2023\/01\/IMG_1829-113x75.jpg 113w, https:\/\/yurisalvador.com.br\/wp-content\/uploads\/2023\/01\/IMG_1829.jpg 2048w\" sizes=\"(max-width: 1024px) 100vw, 1024px\" \/>\t\t\t\t\t\t\t\t\t\t\t\t\t\t\t<\/div>\n\t\t\t\t<\/div>\n\t\t\t\t\t<\/div>\n\t\t<\/div>\n\t\t\t\t\t<\/div>\n\t\t<\/section>\n\t\t\t\t<section class=\"elementor-section elementor-inner-section elementor-element elementor-element-a8c494b elementor-section-boxed elementor-section-height-default elementor-section-height-default\" data-id=\"a8c494b\" data-element_type=\"section\" data-e-type=\"section\">\n\t\t\t\t\t\t<div class=\"elementor-container elementor-column-gap-default\">\n\t\t\t\t\t<div class=\"elementor-column elementor-col-33 elementor-inner-column elementor-element elementor-element-529e74a\" data-id=\"529e74a\" data-element_type=\"column\" data-e-type=\"column\">\n\t\t\t<div class=\"elementor-widget-wrap elementor-element-populated\">\n\t\t\t\t\t\t<div class=\"elementor-element elementor-element-6f9ae0e elementor-widget elementor-widget-image\" data-id=\"6f9ae0e\" data-element_type=\"widget\" data-e-type=\"widget\" data-widget_type=\"image.default\">\n\t\t\t\t<div class=\"elementor-widget-container\">\n\t\t\t\t\t\t\t\t\t\t\t\t\t\t\t<img decoding=\"async\" width=\"683\" height=\"1024\" src=\"https:\/\/yurisalvador.com.br\/wp-content\/uploads\/2023\/01\/IMG_1857-683x1024.jpg\" class=\"attachment-large size-large wp-image-598\" alt=\"\" srcset=\"https:\/\/yurisalvador.com.br\/wp-content\/uploads\/2023\/01\/IMG_1857-683x1024.jpg 683w, https:\/\/yurisalvador.com.br\/wp-content\/uploads\/2023\/01\/IMG_1857-200x300.jpg 200w, https:\/\/yurisalvador.com.br\/wp-content\/uploads\/2023\/01\/IMG_1857-768x1152.jpg 768w, https:\/\/yurisalvador.com.br\/wp-content\/uploads\/2023\/01\/IMG_1857-1024x1536.jpg 1024w, https:\/\/yurisalvador.com.br\/wp-content\/uploads\/2023\/01\/IMG_1857-97x146.jpg 97w, https:\/\/yurisalvador.com.br\/wp-content\/uploads\/2023\/01\/IMG_1857-33x50.jpg 33w, https:\/\/yurisalvador.com.br\/wp-content\/uploads\/2023\/01\/IMG_1857-50x75.jpg 50w, https:\/\/yurisalvador.com.br\/wp-content\/uploads\/2023\/01\/IMG_1857.jpg 1365w\" sizes=\"(max-width: 683px) 100vw, 683px\" \/>\t\t\t\t\t\t\t\t\t\t\t\t\t\t\t<\/div>\n\t\t\t\t<\/div>\n\t\t\t\t\t<\/div>\n\t\t<\/div>\n\t\t\t\t<div class=\"elementor-column elementor-col-66 elementor-inner-column elementor-element elementor-element-184f29c\" data-id=\"184f29c\" data-element_type=\"column\" data-e-type=\"column\">\n\t\t\t<div class=\"elementor-widget-wrap elementor-element-populated\">\n\t\t\t\t\t\t<div class=\"elementor-element elementor-element-34513af elementor-widget elementor-widget-text-editor\" data-id=\"34513af\" data-element_type=\"widget\" data-e-type=\"widget\" data-widget_type=\"text-editor.default\">\n\t\t\t\t<div class=\"elementor-widget-container\">\n\t\t\t\t\t\t\t\t\t<p>Como fotojornalista com mais de uma d\u00e9cada de experi\u00eancia, tive o privil\u00e9gio de capturar importantes momentos da pol\u00edtica e da cultura brasileira. Dos triunfos e desgostos das campanhas eleitorais \u00e0s cores vibrantes e energia dos festivais culturais, estive l\u00e1 para compartilhar estes momentos.<\/p>\n<p>Cobri pautas pol\u00edticas, protestos por todo Brasil e grandes eventos. Foi uma honra poder testemunhar nesta d\u00e9cada a hist\u00f3ria sendo feita e poder contar um pouco das hist\u00f3rias das pessoas que a fizeram.&nbsp;<\/p>\n<p>Tamb\u00e9m tive a oportunidade de documentar o cotidiano dos brasileiros, desde as movimentadas ruas do Rio de Janeiro at\u00e9 as hist\u00f3ricas cidades de Minas Gerais. A diversidade deste pa\u00eds nunca deixa de me surpreender, e tem sido uma alegria poder compartilhar isso com outras pessoas atrav\u00e9s das minhas fotografias.<\/p>\n<p>Ao longo do meu percurso como fotojornalista, procurei sempre manter a objetividade e ser uma testemunha honesta dos acontecimentos que cobri. Acredito que a fotografia tem poder de educar, inspirar e at\u00e9 mesmo provocar mudan\u00e7as, e espero que meu trabalho cause um impacto positivo neste mundo.<\/p>\t\t\t\t\t\t\t\t<\/div>\n\t\t\t\t<\/div>\n\t\t\t\t\t<\/div>\n\t\t<\/div>\n\t\t\t\t\t<\/div>\n\t\t<\/section>\n\t\t\t\t<section class=\"elementor-section elementor-inner-section elementor-element elementor-element-4adc8b7 elementor-section-boxed elementor-section-height-default elementor-section-height-default\" data-id=\"4adc8b7\" data-element_type=\"section\" data-e-type=\"section\">\n\t\t\t\t\t\t<div class=\"elementor-container elementor-column-gap-default\">\n\t\t\t\t\t<div class=\"elementor-column elementor-col-50 elementor-inner-column elementor-element elementor-element-60da450\" data-id=\"60da450\" data-element_type=\"column\" data-e-type=\"column\">\n\t\t\t<div class=\"elementor-widget-wrap\">\n\t\t\t\t\t\t\t<\/div>\n\t\t<\/div>\n\t\t\t\t<div class=\"elementor-column elementor-col-50 elementor-inner-column elementor-element elementor-element-30e6bf6\" data-id=\"30e6bf6\" data-element_type=\"column\" data-e-type=\"column\">\n\t\t\t<div class=\"elementor-widget-wrap\">\n\t\t\t\t\t\t\t<\/div>\n\t\t<\/div>\n\t\t\t\t\t<\/div>\n\t\t<\/section>\n\t\t\t\t\t<\/div>\n\t\t<\/div>\n\t\t\t\t\t<\/div>\n\t\t<\/section>\n\t\t\t\t<section class=\"elementor-section elementor-top-section elementor-element elementor-element-78453fb elementor-section-stretched elementor-section-boxed elementor-section-height-default elementor-section-height-default\" data-id=\"78453fb\" data-element_type=\"section\" data-e-type=\"section\" data-settings=\"{&quot;stretch_section&quot;:&quot;section-stretched&quot;,&quot;background_background&quot;:&quot;classic&quot;}\">\n\t\t\t\t\t\t<div class=\"elementor-container elementor-column-gap-wider\">\n\t\t\t\t\t<div class=\"elementor-column elementor-col-100 elementor-top-column elementor-element elementor-element-02a3a55\" data-id=\"02a3a55\" data-element_type=\"column\" data-e-type=\"column\">\n\t\t\t<div class=\"elementor-widget-wrap\">\n\t\t\t\t\t\t\t<\/div>\n\t\t<\/div>\n\t\t\t\t\t<\/div>\n\t\t<\/section>\n\t\t\t\t<section class=\"elementor-section elementor-top-section elementor-element elementor-element-fae9dd3 elementor-section-full_width elementor-section-stretched elementor-section-height-default elementor-section-height-default\" data-id=\"fae9dd3\" data-element_type=\"section\" data-e-type=\"section\" data-settings=\"{&quot;stretch_section&quot;:&quot;section-stretched&quot;,&quot;background_background&quot;:&quot;classic&quot;}\">\n\t\t\t\t\t\t<div class=\"elementor-container elementor-column-gap-no\">\n\t\t\t\t\t<div class=\"elementor-column elementor-col-100 elementor-top-column elementor-element elementor-element-3ea850a\" data-id=\"3ea850a\" data-element_type=\"column\" data-e-type=\"column\">\n\t\t\t<div class=\"elementor-widget-wrap elementor-element-populated\">\n\t\t\t\t\t\t<div class=\"elementor-element elementor-element-a4df01c elementor-widget elementor-widget-spacer\" data-id=\"a4df01c\" data-element_type=\"widget\" data-e-type=\"widget\" data-widget_type=\"spacer.default\">\n\t\t\t\t<div class=\"elementor-widget-container\">\n\t\t\t\t\t\t\t<div class=\"elementor-spacer\">\n\t\t\t<div class=\"elementor-spacer-inner\"><\/div>\n\t\t<\/div>\n\t\t\t\t\t\t<\/div>\n\t\t\t\t<\/div>\n\t\t\t\t\t<\/div>\n\t\t<\/div>\n\t\t\t\t\t<\/div>\n\t\t<\/section>\n\t\t\t\t<\/div>\n\t\t","protected":false},"excerpt":{"rendered":"<p>YuriSalvador Como fotojornalista com mais de uma d\u00e9cada de experi\u00eancia, tive o privil\u00e9gio de capturar importantes momentos da pol\u00edtica e da cultura brasileira. Dos triunfos e<span class=\"excerpt-hellip\"> [\u2026]<\/span><\/p>\n","protected":false},"author":1,"featured_media":0,"parent":0,"menu_order":0,"comment_status":"closed","ping_status":"closed","template":"","meta":{"footnotes":""},"class_list":["post-19","page","type-page","status-publish","hentry"],"_links":{"self":[{"href":"https:\/\/yurisalvador.com.br\/index.php\/wp-json\/wp\/v2\/pages\/19","targetHints":{"allow":["GET"]}}],"collection":[{"href":"https:\/\/yurisalvador.com.br\/index.php\/wp-json\/wp\/v2\/pages"}],"about":[{"href":"https:\/\/yurisalvador.com.br\/index.php\/wp-json\/wp\/v2\/types\/page"}],"author":[{"embeddable":true,"href":"https:\/\/yurisalvador.com.br\/index.php\/wp-json\/wp\/v2\/users\/1"}],"replies":[{"embeddable":true,"href":"https:\/\/yurisalvador.com.br\/index.php\/wp-json\/wp\/v2\/comments?post=19"}],"version-history":[{"count":0,"href":"https:\/\/yurisalvador.com.br\/index.php\/wp-json\/wp\/v2\/pages\/19\/revisions"}],"wp:attachment":[{"href":"https:\/\/yurisalvador.com.br\/index.php\/wp-json\/wp\/v2\/media?parent=19"}],"curies":[{"name":"wp","href":"https:\/\/api.w.org\/{rel}","templated":true}]}}